{"id":7271,"date":"2017-12-01T07:32:34","date_gmt":"2017-12-01T04:32:34","guid":{"rendered":"https:\/\/elevenestate.com\/%e8%81%94%e7%b3%bb%e6%96%b9%e5%bc%8f\/"},"modified":"2021-07-08T12:04:56","modified_gmt":"2021-07-08T09:04:56","slug":"%e8%81%94%e7%b3%bb%e6%96%b9%e5%bc%8f-2","status":"publish","type":"page","link":"https:\/\/elevenestate.com\/ja\/%e8%81%94%e7%b3%bb%e6%96%b9%e5%bc%8f-2\/","title":{"rendered":"\u8054\u7cfb\u65b9\u5f0f"},"content":{"rendered":"<div class=\"wpb-content-wrapper\"><p>[vc_row full_width=&#8221;stretch_row_content_no_spaces&#8221; css=&#8221;.vc_custom_1494337680606{margin-bottom: 48px !important;}&#8221;][vc_column][\/vc_column][\/vc_row][vc_row full_width=&#8221;stretch_row&#8221; equal_height=&#8221;yes&#8221; css=&#8221;.vc_custom_1494337711020{margin-bottom: 48px !important;}&#8221;][vc_column width=&#8221;1\/3&#8243; css=&#8221;.vc_custom_1494336662073{padding-right: 24px !important;}&#8221;]\n<div class=\"wpcf7 no-js\" id=\"wpcf7-f6737-o1\" lang=\"en-US\" dir=\"ltr\" data-wpcf7-id=\"6737\">\n<div class=\"screen-reader-response\"><p role=\"status\" aria-live=\"polite\" aria-atomic=\"true\"><\/p> <ul><\/ul><\/div>\n<form action=\"\/ja\/wp-json\/wp\/v2\/pages\/7271#wpcf7-f6737-o1\" method=\"post\" class=\"wpcf7-form init\" aria-label=\"Contact form\" novalidate=\"novalidate\" data-status=\"init\">\n<fieldset class=\"hidden-fields-container\"><input type=\"hidden\" name=\"_wpcf7\" value=\"6737\" \/><input type=\"hidden\" name=\"_wpcf7_version\" value=\"6.1.5\" \/><input type=\"hidden\" name=\"_wpcf7_locale\" value=\"en_US\" \/><input type=\"hidden\" name=\"_wpcf7_unit_tag\" value=\"wpcf7-f6737-o1\" \/><input type=\"hidden\" name=\"_wpcf7_container_post\" value=\"0\" \/><input type=\"hidden\" name=\"_wpcf7_posted_data_hash\" value=\"\" \/>\n<\/fieldset>\n<p><label><span class=\"wpcf7-form-control-wrap\" data-name=\"your-name\"><input size=\"40\" maxlength=\"400\" class=\"wpcf7-form-control wpcf7-text wpcf7-validates-as-required\" aria-required=\"true\" aria-invalid=\"false\" placeholder=\"\u59d3\u540d*\" value=\"\" type=\"text\" name=\"your-name\" \/><\/span><\/label><label><span class=\"wpcf7-form-control-wrap\" data-name=\"your-email\"><input size=\"40\" maxlength=\"400\" class=\"wpcf7-form-control wpcf7-email wpcf7-validates-as-required wpcf7-text wpcf7-validates-as-email\" aria-required=\"true\" aria-invalid=\"false\" placeholder=\"\u90ae\u7bb1*\" value=\"\" type=\"email\" name=\"your-email\" \/><\/span><\/label><label><span class=\"wpcf7-form-control-wrap\" data-name=\"your-subject\"><input size=\"40\" maxlength=\"400\" class=\"wpcf7-form-control wpcf7-text\" aria-invalid=\"false\" placeholder=\"\u4e3b\u65e8\" value=\"\" type=\"text\" name=\"your-subject\" \/><\/span> <\/label><label><span class=\"wpcf7-form-control-wrap\" data-name=\"your-message\"><textarea cols=\"40\" rows=\"10\" maxlength=\"2000\" class=\"wpcf7-form-control wpcf7-textarea\" aria-invalid=\"false\" placeholder=\"\u4fe1\u606f\u5185\u5bb9\" name=\"your-message\"><\/textarea><\/span> <\/label><input class=\"wpcf7-form-control wpcf7-submit has-spinner\" type=\"submit\" value=\"\u53d1\u9001\" \/>\n<\/p><div class=\"wpcf7-response-output\" aria-hidden=\"true\"><\/div>\n<\/form>\n<\/div>\n[\/vc_column][vc_column width=&#8221;1\/3&#8243; css=&#8221;.vc_custom_1494336828259{padding-right: 24px !important;padding-left: 24px !important;background-color: #f4f4f4 !important;}&#8221;][vc_column_text 0=&#8221;&#8221;]<\/p>\n<div>\u6709\u4efb\u4f55\u95ee\u9898\u6b22\u8fce\u968f\u65f6\u8054\u7cfb\u6211\u4eec\uff0c\u6211\u4eec\u6709\u534e\u4eba\u4e13\u5458\u63d0\u4f9b\u534e\u8bed\u7684\u670d\u52a1\uff0c\u8ba9<wbr \/>\u60a8\u53ef\u4ee5\u81ea\u5728\u7684\u4ee5\u4e2d\u6587\u4ea4\u6d41\uff0c\u6211\u4eec\u5c3d\u6700\u5927\u7684\u52aa\u529b\u4e3a\u60a8\u63d0\u4f9b\u4e13\u4e1a\u4e0e\u8d34\u5fc3\u7684<wbr \/>\u670d\u52a1.<\/div>\n<div><\/div>\n<div><img loading=\"lazy\" decoding=\"async\" class=\"wp-image-8036 aligncenter\" src=\"https:\/\/elevenestate.com\/wp-content\/uploads\/2021\/07\/ed9ffbd5-0d1a-4746-bd20-c0503e3a1da1-781x1024.jpg\" alt=\"\u4f0a\u65af\u5766\u5e03\u5c14\u5f85\u552e\u516c\u5bd3\" width=\"424\" height=\"556\" srcset=\"https:\/\/elevenestate.com\/wp-content\/uploads\/2021\/07\/ed9ffbd5-0d1a-4746-bd20-c0503e3a1da1-781x1024.jpg 781w, https:\/\/elevenestate.com\/wp-content\/uploads\/2021\/07\/ed9ffbd5-0d1a-4746-bd20-c0503e3a1da1-229x300.jpg 229w, https:\/\/elevenestate.com\/wp-content\/uploads\/2021\/07\/ed9ffbd5-0d1a-4746-bd20-c0503e3a1da1-768x1007.jpg 768w, https:\/\/elevenestate.com\/wp-content\/uploads\/2021\/07\/ed9ffbd5-0d1a-4746-bd20-c0503e3a1da1-600x787.jpg 600w, https:\/\/elevenestate.com\/wp-content\/uploads\/2021\/07\/ed9ffbd5-0d1a-4746-bd20-c0503e3a1da1.jpg 953w\" sizes=\"auto, (max-width: 424px) 100vw, 424px\" \/><\/div>\n<p><strong>Email:<\/strong>\u00a0<a href=\"mailto:info@elevenestate.com\">info@elevenestate.com<\/a><br \/>\n<strong>Phone:<\/strong>\u00a0+90 (212) 245 11 82<br \/>\n<strong>Mobile:<\/strong> +90 539 381 70 39<\/p>\n<p><strong>Wechat:<\/strong> elevenestateistanbul<\/p>\n<ul>\n<li><a href=\"https:\/\/elevenestate.com\/ja\/%e3%82%a4%e3%82%b9%e3%82%bf%e3%83%b3%e3%83%96%e3%83%bc%e3%83%ab%e4%b8%8d%e5%8b%95%e7%94%a3faq%ef%bd%9c%e7%89%a9%e4%bb%b6%e8%b3%bc%e5%85%a5%e3%83%bb%e3%83%88%e3%83%ab%e3%82%b3%e5%b8%82%e6%b0%91\/\" target=\"_blank\" rel=\"noopener\">\u5e38\u89c1\u95ee\u9898<\/a><\/li>\n<li><a href=\"https:\/\/elevenestate.com\/ja\/%e4%bc%9a%e7%a4%be%e6%a6%82%e8%a6%81\/\" target=\"_blank\" rel=\"noopener\">\u5173\u4e8e\u6211\u4eec<\/a><\/li>\n<\/ul>\n<p><strong>Social media:<\/strong> <a href=\"https:\/\/www.facebook.com\/elevenestate\/\" target=\"_blank\" rel=\"noopener\">eleven_estate_istanbul<\/a>[\/vc_column_text][\/vc_column][vc_column width=&#8221;1\/3&#8243; css=&#8221;.vc_custom_1494336835635{padding-right: 24px !important;padding-left: 24px !important;background-color: #f4f4f4 !important;}&#8221;][vc_single_image image=&#8221;7734&#8243; img_size=&#8221;500&#215;376&#8243;][vc_column_text]<strong><em>Eleven Estate ltd.<\/em><\/strong><\/p>\n<address>Yeni Yol Cad No.1, Nurol Tower-Off\u0131ce No. 2003 &#8211; \u015ei\u015fli, TR-Istanbul<\/address>\n<p><strong>\u661f\u671f\u4e00 &#8211; \u661f\u671f\u4e94 :<\/strong>\u00a09 a.m. to 6 p.m.<br \/>\n<strong>\u661f\u671f\u516d :<\/strong> 10 a.m. to 3 p.m.<br \/>\n<strong>\u661f\u671f\u5929 :<\/strong> \u5173\u95ed[\/vc_column_text][\/vc_column][\/vc_row]<\/p>\n<\/div>","protected":false},"excerpt":{"rendered":"<p>[vc_row full_width=&#8221;stretch_row_content_no_spaces&#8221; css=&#8221;.vc_custom_1494337680606{margin-bott [&hellip;]<\/p>\n","protected":false},"author":1,"featured_media":0,"parent":0,"menu_order":0,"comment_status":"closed","ping_status":"closed","template":"page_full-width.php","meta":{"_acf_changed":false,"footnotes":""},"class_list":["post-7271","page","type-page","status-publish","hentry"],"acf":[],"yoast_head":"<!-- This site is optimized with the Yoast SEO plugin v27.3 - https:\/\/yoast.com\/product\/yoast-seo-wordpress\/ -->\n<title>\u8054\u7cfb\u65b9\u5f0f - eleven estate Istanbul<\/title>\n<meta name=\"description\" content=\"\u8054\u7cfb\u65b9\u5f0f : \u4f0a\u65af\u5766\u5e03\u5c14\u516c\u5bd3\u51fa\u552e, \u6709\u4efb\u4f55\u95ee\u9898\u6b22\u8fce\u968f\u65f6\u8054\u7cfb\u6211\u4eec\uff0c\u6211\u4eec\u6709\u534e\u4eba\u4e13\u5458\u63d0\u4f9b\u534e\u8bed\u7684\u670d\u52a1\uff0c\u8ba9\u60a8\u53ef\u4ee5\u81ea\u5728\u7684\u4ee5\u4e2d\u6587\u4ea4\u6d41\uff0c\u6211\u4eec\u5c3d\u6700\u5927\u7684\u52aa\u529b\u4e3a\u60a8\u63d0\u4f9b\u4e13\u4e1a\u4e0e\u8d34\u5fc3\u7684\u670d\u52a1.\" \/>\n<meta name=\"robots\" content=\"index, follow, max-snippet:-1, max-image-preview:large, max-video-preview:-1\" \/>\n<link rel=\"canonical\" href=\"https:\/\/elevenestate.com\/ja\/\u8054\u7cfb\u65b9\u5f0f-2\/\" \/>\n<meta property=\"og:locale\" content=\"ja_JP\" \/>\n<meta property=\"og:type\" content=\"article\" \/>\n<meta property=\"og:title\" content=\"\u8054\u7cfb\u65b9\u5f0f - eleven estate Istanbul\" \/>\n<meta property=\"og:description\" content=\"\u8054\u7cfb\u65b9\u5f0f : \u4f0a\u65af\u5766\u5e03\u5c14\u516c\u5bd3\u51fa\u552e, \u6709\u4efb\u4f55\u95ee\u9898\u6b22\u8fce\u968f\u65f6\u8054\u7cfb\u6211\u4eec\uff0c\u6211\u4eec\u6709\u534e\u4eba\u4e13\u5458\u63d0\u4f9b\u534e\u8bed\u7684\u670d\u52a1\uff0c\u8ba9\u60a8\u53ef\u4ee5\u81ea\u5728\u7684\u4ee5\u4e2d\u6587\u4ea4\u6d41\uff0c\u6211\u4eec\u5c3d\u6700\u5927\u7684\u52aa\u529b\u4e3a\u60a8\u63d0\u4f9b\u4e13\u4e1a\u4e0e\u8d34\u5fc3\u7684\u670d\u52a1.\" \/>\n<meta property=\"og:url\" content=\"https:\/\/elevenestate.com\/ja\/\u8054\u7cfb\u65b9\u5f0f-2\/\" \/>\n<meta property=\"og:site_name\" content=\"eleven estate Istanbul\" \/>\n<meta property=\"article:publisher\" content=\"https:\/\/www.facebook.com\/Eleven-Estate-Istanbul-126850471276574\/\" \/>\n<meta property=\"article:modified_time\" content=\"2021-07-08T09:04:56+00:00\" \/>\n<meta property=\"og:image\" content=\"https:\/\/elevenestate.com\/wp-content\/uploads\/2021\/07\/ed9ffbd5-0d1a-4746-bd20-c0503e3a1da1-781x1024.jpg\" \/>\n<meta name=\"twitter:card\" content=\"summary_large_image\" \/>\n<meta name=\"twitter:label1\" content=\"\u63a8\u5b9a\u8aad\u307f\u53d6\u308a\u6642\u9593\" \/>\n\t<meta name=\"twitter:data1\" content=\"1\u5206\" \/>\n<script type=\"application\/ld+json\" class=\"yoast-schema-graph\">{\"@context\":\"https:\\\/\\\/schema.org\",\"@graph\":[{\"@type\":\"WebPage\",\"@id\":\"https:\\\/\\\/elevenestate.com\\\/ja\\\/%e8%81%94%e7%b3%bb%e6%96%b9%e5%bc%8f-2\\\/\",\"url\":\"https:\\\/\\\/elevenestate.com\\\/ja\\\/%e8%81%94%e7%b3%bb%e6%96%b9%e5%bc%8f-2\\\/\",\"name\":\"\u8054\u7cfb\u65b9\u5f0f - eleven estate Istanbul\",\"isPartOf\":{\"@id\":\"https:\\\/\\\/elevenestate.com\\\/ja\\\/#website\"},\"primaryImageOfPage\":{\"@id\":\"https:\\\/\\\/elevenestate.com\\\/ja\\\/%e8%81%94%e7%b3%bb%e6%96%b9%e5%bc%8f-2\\\/#primaryimage\"},\"image\":{\"@id\":\"https:\\\/\\\/elevenestate.com\\\/ja\\\/%e8%81%94%e7%b3%bb%e6%96%b9%e5%bc%8f-2\\\/#primaryimage\"},\"thumbnailUrl\":\"https:\\\/\\\/elevenestate.com\\\/wp-content\\\/uploads\\\/2021\\\/07\\\/ed9ffbd5-0d1a-4746-bd20-c0503e3a1da1-781x1024.jpg\",\"datePublished\":\"2017-12-01T04:32:34+00:00\",\"dateModified\":\"2021-07-08T09:04:56+00:00\",\"description\":\"\u8054\u7cfb\u65b9\u5f0f : \u4f0a\u65af\u5766\u5e03\u5c14\u516c\u5bd3\u51fa\u552e, \u6709\u4efb\u4f55\u95ee\u9898\u6b22\u8fce\u968f\u65f6\u8054\u7cfb\u6211\u4eec\uff0c\u6211\u4eec\u6709\u534e\u4eba\u4e13\u5458\u63d0\u4f9b\u534e\u8bed\u7684\u670d\u52a1\uff0c\u8ba9\u60a8\u53ef\u4ee5\u81ea\u5728\u7684\u4ee5\u4e2d\u6587\u4ea4\u6d41\uff0c\u6211\u4eec\u5c3d\u6700\u5927\u7684\u52aa\u529b\u4e3a\u60a8\u63d0\u4f9b\u4e13\u4e1a\u4e0e\u8d34\u5fc3\u7684\u670d\u52a1.\",\"breadcrumb\":{\"@id\":\"https:\\\/\\\/elevenestate.com\\\/ja\\\/%e8%81%94%e7%b3%bb%e6%96%b9%e5%bc%8f-2\\\/#breadcrumb\"},\"inLanguage\":\"ja\",\"potentialAction\":[{\"@type\":\"ReadAction\",\"target\":[\"https:\\\/\\\/elevenestate.com\\\/ja\\\/%e8%81%94%e7%b3%bb%e6%96%b9%e5%bc%8f-2\\\/\"]}]},{\"@type\":\"ImageObject\",\"inLanguage\":\"ja\",\"@id\":\"https:\\\/\\\/elevenestate.com\\\/ja\\\/%e8%81%94%e7%b3%bb%e6%96%b9%e5%bc%8f-2\\\/#primaryimage\",\"url\":\"https:\\\/\\\/elevenestate.com\\\/wp-content\\\/uploads\\\/2021\\\/07\\\/ed9ffbd5-0d1a-4746-bd20-c0503e3a1da1-781x1024.jpg\",\"contentUrl\":\"https:\\\/\\\/elevenestate.com\\\/wp-content\\\/uploads\\\/2021\\\/07\\\/ed9ffbd5-0d1a-4746-bd20-c0503e3a1da1-781x1024.jpg\"},{\"@type\":\"BreadcrumbList\",\"@id\":\"https:\\\/\\\/elevenestate.com\\\/ja\\\/%e8%81%94%e7%b3%bb%e6%96%b9%e5%bc%8f-2\\\/#breadcrumb\",\"itemListElement\":[{\"@type\":\"ListItem\",\"position\":1,\"name\":\"Home\",\"item\":\"https:\\\/\\\/elevenestate.com\\\/ja\\\/\"},{\"@type\":\"ListItem\",\"position\":2,\"name\":\"\u8054\u7cfb\u65b9\u5f0f\"}]},{\"@type\":\"WebSite\",\"@id\":\"https:\\\/\\\/elevenestate.com\\\/ja\\\/#website\",\"url\":\"https:\\\/\\\/elevenestate.com\\\/ja\\\/\",\"name\":\"eleven estate Istanbul\",\"description\":\"Your Property Consultant in Istanbul\",\"publisher\":{\"@id\":\"https:\\\/\\\/elevenestate.com\\\/ja\\\/#organization\"},\"potentialAction\":[{\"@type\":\"SearchAction\",\"target\":{\"@type\":\"EntryPoint\",\"urlTemplate\":\"https:\\\/\\\/elevenestate.com\\\/ja\\\/?s={search_term_string}\"},\"query-input\":{\"@type\":\"PropertyValueSpecification\",\"valueRequired\":true,\"valueName\":\"search_term_string\"}}],\"inLanguage\":\"ja\"},{\"@type\":\"Organization\",\"@id\":\"https:\\\/\\\/elevenestate.com\\\/ja\\\/#organization\",\"name\":\"Eleven Estate\",\"url\":\"https:\\\/\\\/elevenestate.com\\\/ja\\\/\",\"logo\":{\"@type\":\"ImageObject\",\"inLanguage\":\"ja\",\"@id\":\"https:\\\/\\\/elevenestate.com\\\/ja\\\/#\\\/schema\\\/logo\\\/image\\\/\",\"url\":\"https:\\\/\\\/elevenestate.com\\\/wp-content\\\/uploads\\\/logo_white_background.jpg\",\"contentUrl\":\"https:\\\/\\\/elevenestate.com\\\/wp-content\\\/uploads\\\/logo_white_background.jpg\",\"width\":175,\"height\":90,\"caption\":\"Eleven Estate\"},\"image\":{\"@id\":\"https:\\\/\\\/elevenestate.com\\\/ja\\\/#\\\/schema\\\/logo\\\/image\\\/\"},\"sameAs\":[\"https:\\\/\\\/www.facebook.com\\\/Eleven-Estate-Istanbul-126850471276574\\\/\",\"https:\\\/\\\/www.instagram.com\\\/eleven_estate_istanbul\\\/\"]}]}<\/script>\n<!-- \/ Yoast SEO plugin. -->","yoast_head_json":{"title":"\u8054\u7cfb\u65b9\u5f0f - eleven estate Istanbul","description":"\u8054\u7cfb\u65b9\u5f0f : \u4f0a\u65af\u5766\u5e03\u5c14\u516c\u5bd3\u51fa\u552e, \u6709\u4efb\u4f55\u95ee\u9898\u6b22\u8fce\u968f\u65f6\u8054\u7cfb\u6211\u4eec\uff0c\u6211\u4eec\u6709\u534e\u4eba\u4e13\u5458\u63d0\u4f9b\u534e\u8bed\u7684\u670d\u52a1\uff0c\u8ba9\u60a8\u53ef\u4ee5\u81ea\u5728\u7684\u4ee5\u4e2d\u6587\u4ea4\u6d41\uff0c\u6211\u4eec\u5c3d\u6700\u5927\u7684\u52aa\u529b\u4e3a\u60a8\u63d0\u4f9b\u4e13\u4e1a\u4e0e\u8d34\u5fc3\u7684\u670d\u52a1.","robots":{"index":"index","follow":"follow","max-snippet":"max-snippet:-1","max-image-preview":"max-image-preview:large","max-video-preview":"max-video-preview:-1"},"canonical":"https:\/\/elevenestate.com\/ja\/\u8054\u7cfb\u65b9\u5f0f-2\/","og_locale":"ja_JP","og_type":"article","og_title":"\u8054\u7cfb\u65b9\u5f0f - eleven estate Istanbul","og_description":"\u8054\u7cfb\u65b9\u5f0f : \u4f0a\u65af\u5766\u5e03\u5c14\u516c\u5bd3\u51fa\u552e, \u6709\u4efb\u4f55\u95ee\u9898\u6b22\u8fce\u968f\u65f6\u8054\u7cfb\u6211\u4eec\uff0c\u6211\u4eec\u6709\u534e\u4eba\u4e13\u5458\u63d0\u4f9b\u534e\u8bed\u7684\u670d\u52a1\uff0c\u8ba9\u60a8\u53ef\u4ee5\u81ea\u5728\u7684\u4ee5\u4e2d\u6587\u4ea4\u6d41\uff0c\u6211\u4eec\u5c3d\u6700\u5927\u7684\u52aa\u529b\u4e3a\u60a8\u63d0\u4f9b\u4e13\u4e1a\u4e0e\u8d34\u5fc3\u7684\u670d\u52a1.","og_url":"https:\/\/elevenestate.com\/ja\/\u8054\u7cfb\u65b9\u5f0f-2\/","og_site_name":"eleven estate Istanbul","article_publisher":"https:\/\/www.facebook.com\/Eleven-Estate-Istanbul-126850471276574\/","article_modified_time":"2021-07-08T09:04:56+00:00","og_image":[{"url":"https:\/\/elevenestate.com\/wp-content\/uploads\/2021\/07\/ed9ffbd5-0d1a-4746-bd20-c0503e3a1da1-781x1024.jpg","type":"","width":"","height":""}],"twitter_card":"summary_large_image","twitter_misc":{"\u63a8\u5b9a\u8aad\u307f\u53d6\u308a\u6642\u9593":"1\u5206"},"schema":{"@context":"https:\/\/schema.org","@graph":[{"@type":"WebPage","@id":"https:\/\/elevenestate.com\/ja\/%e8%81%94%e7%b3%bb%e6%96%b9%e5%bc%8f-2\/","url":"https:\/\/elevenestate.com\/ja\/%e8%81%94%e7%b3%bb%e6%96%b9%e5%bc%8f-2\/","name":"\u8054\u7cfb\u65b9\u5f0f - eleven estate Istanbul","isPartOf":{"@id":"https:\/\/elevenestate.com\/ja\/#website"},"primaryImageOfPage":{"@id":"https:\/\/elevenestate.com\/ja\/%e8%81%94%e7%b3%bb%e6%96%b9%e5%bc%8f-2\/#primaryimage"},"image":{"@id":"https:\/\/elevenestate.com\/ja\/%e8%81%94%e7%b3%bb%e6%96%b9%e5%bc%8f-2\/#primaryimage"},"thumbnailUrl":"https:\/\/elevenestate.com\/wp-content\/uploads\/2021\/07\/ed9ffbd5-0d1a-4746-bd20-c0503e3a1da1-781x1024.jpg","datePublished":"2017-12-01T04:32:34+00:00","dateModified":"2021-07-08T09:04:56+00:00","description":"\u8054\u7cfb\u65b9\u5f0f : \u4f0a\u65af\u5766\u5e03\u5c14\u516c\u5bd3\u51fa\u552e, \u6709\u4efb\u4f55\u95ee\u9898\u6b22\u8fce\u968f\u65f6\u8054\u7cfb\u6211\u4eec\uff0c\u6211\u4eec\u6709\u534e\u4eba\u4e13\u5458\u63d0\u4f9b\u534e\u8bed\u7684\u670d\u52a1\uff0c\u8ba9\u60a8\u53ef\u4ee5\u81ea\u5728\u7684\u4ee5\u4e2d\u6587\u4ea4\u6d41\uff0c\u6211\u4eec\u5c3d\u6700\u5927\u7684\u52aa\u529b\u4e3a\u60a8\u63d0\u4f9b\u4e13\u4e1a\u4e0e\u8d34\u5fc3\u7684\u670d\u52a1.","breadcrumb":{"@id":"https:\/\/elevenestate.com\/ja\/%e8%81%94%e7%b3%bb%e6%96%b9%e5%bc%8f-2\/#breadcrumb"},"inLanguage":"ja","potentialAction":[{"@type":"ReadAction","target":["https:\/\/elevenestate.com\/ja\/%e8%81%94%e7%b3%bb%e6%96%b9%e5%bc%8f-2\/"]}]},{"@type":"ImageObject","inLanguage":"ja","@id":"https:\/\/elevenestate.com\/ja\/%e8%81%94%e7%b3%bb%e6%96%b9%e5%bc%8f-2\/#primaryimage","url":"https:\/\/elevenestate.com\/wp-content\/uploads\/2021\/07\/ed9ffbd5-0d1a-4746-bd20-c0503e3a1da1-781x1024.jpg","contentUrl":"https:\/\/elevenestate.com\/wp-content\/uploads\/2021\/07\/ed9ffbd5-0d1a-4746-bd20-c0503e3a1da1-781x1024.jpg"},{"@type":"BreadcrumbList","@id":"https:\/\/elevenestate.com\/ja\/%e8%81%94%e7%b3%bb%e6%96%b9%e5%bc%8f-2\/#breadcrumb","itemListElement":[{"@type":"ListItem","position":1,"name":"Home","item":"https:\/\/elevenestate.com\/ja\/"},{"@type":"ListItem","position":2,"name":"\u8054\u7cfb\u65b9\u5f0f"}]},{"@type":"WebSite","@id":"https:\/\/elevenestate.com\/ja\/#website","url":"https:\/\/elevenestate.com\/ja\/","name":"eleven estate Istanbul","description":"Your Property Consultant in Istanbul","publisher":{"@id":"https:\/\/elevenestate.com\/ja\/#organization"},"potentialAction":[{"@type":"SearchAction","target":{"@type":"EntryPoint","urlTemplate":"https:\/\/elevenestate.com\/ja\/?s={search_term_string}"},"query-input":{"@type":"PropertyValueSpecification","valueRequired":true,"valueName":"search_term_string"}}],"inLanguage":"ja"},{"@type":"Organization","@id":"https:\/\/elevenestate.com\/ja\/#organization","name":"Eleven Estate","url":"https:\/\/elevenestate.com\/ja\/","logo":{"@type":"ImageObject","inLanguage":"ja","@id":"https:\/\/elevenestate.com\/ja\/#\/schema\/logo\/image\/","url":"https:\/\/elevenestate.com\/wp-content\/uploads\/logo_white_background.jpg","contentUrl":"https:\/\/elevenestate.com\/wp-content\/uploads\/logo_white_background.jpg","width":175,"height":90,"caption":"Eleven Estate"},"image":{"@id":"https:\/\/elevenestate.com\/ja\/#\/schema\/logo\/image\/"},"sameAs":["https:\/\/www.facebook.com\/Eleven-Estate-Istanbul-126850471276574\/","https:\/\/www.instagram.com\/eleven_estate_istanbul\/"]}]}},"_links":{"self":[{"href":"https:\/\/elevenestate.com\/ja\/wp-json\/wp\/v2\/pages\/7271","targetHints":{"allow":["GET"]}}],"collection":[{"href":"https:\/\/elevenestate.com\/ja\/wp-json\/wp\/v2\/pages"}],"about":[{"href":"https:\/\/elevenestate.com\/ja\/wp-json\/wp\/v2\/types\/page"}],"author":[{"embeddable":true,"href":"https:\/\/elevenestate.com\/ja\/wp-json\/wp\/v2\/users\/1"}],"replies":[{"embeddable":true,"href":"https:\/\/elevenestate.com\/ja\/wp-json\/wp\/v2\/comments?post=7271"}],"version-history":[{"count":0,"href":"https:\/\/elevenestate.com\/ja\/wp-json\/wp\/v2\/pages\/7271\/revisions"}],"wp:attachment":[{"href":"https:\/\/elevenestate.com\/ja\/wp-json\/wp\/v2\/media?parent=7271"}],"curies":[{"name":"wp","href":"https:\/\/api.w.org\/{rel}","templated":true}]}}